{"id":121,"date":"2019-08-08T16:15:04","date_gmt":"2019-08-08T14:15:04","guid":{"rendered":"http:\/\/projets.creatisweb.net\/saint_jeanXXIII\/wp\/notre-dame-de-fondettes\/?page_id=121"},"modified":"2019-10-15T16:54:14","modified_gmt":"2019-10-15T14:54:14","slug":"projet-pastoral-notre-dame-fondettes","status":"publish","type":"page","link":"https:\/\/www.saint-jean23.fr\/notre-dame-de-fondettes\/projet-pastoral-notre-dame-fondettes\/","title":{"rendered":"Projet Pastoral"},"content":{"rendered":"","protected":false},"excerpt":{"rendered":"","protected":false},"author":1,"featured_media":0,"parent":0,"menu_order":0,"comment_status":"closed","ping_status":"closed","template":"","meta":{"_expiration-date-status":"saved","_expiration-date":0,"_expiration-date-type":"","_expiration-date-categories":[],"_expiration-date-options":[]},"acf":[],"yoast_head":"<!-- This site is optimized with the Yoast SEO plugin v20.2.1 - https:\/\/yoast.com\/wordpress\/plugins\/seo\/ -->\n<title>Projet Pastoral - Ecole Coll\u00e8ge priv\u00e9 catholique Notre Dame<\/title>\n<meta name=\"description\" content=\"L&#039;\u00e9cole priv\u00e9e Notre Dame, \u00e9tablissement catholique d&#039;enseignement situ\u00e9 \u00e0 Fondettes (37), s&#039;inscrit dans la lign\u00e9e de l&#039;enseignement Catholique.\" \/>\n<meta name=\"robots\" content=\"index, follow, max-snippet:-1, max-image-preview:large, max-video-preview:-1\" \/>\n<link rel=\"canonical\" href=\"https:\/\/www.saint-jean23.fr\/notre-dame-de-fondettes\/projet-pastoral-notre-dame-fondettes\/\" \/>\n<meta property=\"og:locale\" content=\"fr_FR\" \/>\n<meta property=\"og:type\" content=\"article\" \/>\n<meta property=\"og:title\" content=\"Projet Pastoral - Ecole Coll\u00e8ge priv\u00e9 catholique Notre Dame\" \/>\n<meta property=\"og:description\" content=\"L&#039;\u00e9cole priv\u00e9e Notre Dame, \u00e9tablissement catholique d&#039;enseignement situ\u00e9 \u00e0 Fondettes (37), s&#039;inscrit dans la lign\u00e9e de l&#039;enseignement Catholique.\" \/>\n<meta property=\"og:url\" content=\"https:\/\/www.saint-jean23.fr\/notre-dame-de-fondettes\/projet-pastoral-notre-dame-fondettes\/\" \/>\n<meta property=\"og:site_name\" content=\"Notre Dame De Fondettes\" \/>\n<meta property=\"article:modified_time\" content=\"2019-10-15T14:54:14+00:00\" \/>\n<meta name=\"twitter:card\" content=\"summary_large_image\" \/>\n<script type=\"application\/ld+json\" class=\"yoast-schema-graph\">{\"@context\":\"https:\/\/schema.org\",\"@graph\":[{\"@type\":\"WebPage\",\"@id\":\"https:\/\/www.saint-jean23.fr\/notre-dame-de-fondettes\/projet-pastoral-notre-dame-fondettes\/\",\"url\":\"https:\/\/www.saint-jean23.fr\/notre-dame-de-fondettes\/projet-pastoral-notre-dame-fondettes\/\",\"name\":\"Projet Pastoral - Ecole Coll\u00e8ge priv\u00e9 catholique Notre Dame\",\"isPartOf\":{\"@id\":\"https:\/\/www.saint-jean23.fr\/notre-dame-de-fondettes\/#website\"},\"datePublished\":\"2019-08-08T14:15:04+00:00\",\"dateModified\":\"2019-10-15T14:54:14+00:00\",\"description\":\"L'\u00e9cole priv\u00e9e Notre Dame, \u00e9tablissement catholique d'enseignement situ\u00e9 \u00e0 Fondettes (37), s'inscrit dans la lign\u00e9e de l'enseignement Catholique.\",\"breadcrumb\":{\"@id\":\"https:\/\/www.saint-jean23.fr\/notre-dame-de-fondettes\/projet-pastoral-notre-dame-fondettes\/#breadcrumb\"},\"inLanguage\":\"fr-FR\",\"potentialAction\":[{\"@type\":\"ReadAction\",\"target\":[\"https:\/\/www.saint-jean23.fr\/notre-dame-de-fondettes\/projet-pastoral-notre-dame-fondettes\/\"]}]},{\"@type\":\"BreadcrumbList\",\"@id\":\"https:\/\/www.saint-jean23.fr\/notre-dame-de-fondettes\/projet-pastoral-notre-dame-fondettes\/#breadcrumb\",\"itemListElement\":[{\"@type\":\"ListItem\",\"position\":1,\"name\":\"Accueil\",\"item\":\"https:\/\/www.saint-jean23.fr\/notre-dame-de-fondettes\/\"},{\"@type\":\"ListItem\",\"position\":2,\"name\":\"Projet Pastoral\"}]},{\"@type\":\"WebSite\",\"@id\":\"https:\/\/www.saint-jean23.fr\/notre-dame-de-fondettes\/#website\",\"url\":\"https:\/\/www.saint-jean23.fr\/notre-dame-de-fondettes\/\",\"name\":\"Notre Dame De Fondettes\",\"description\":\"Un site utilisant Les sites de Saint Jean 23\",\"potentialAction\":[{\"@type\":\"SearchAction\",\"target\":{\"@type\":\"EntryPoint\",\"urlTemplate\":\"https:\/\/www.saint-jean23.fr\/notre-dame-de-fondettes\/?s={search_term_string}\"},\"query-input\":\"required name=search_term_string\"}],\"inLanguage\":\"fr-FR\"}]}<\/script>\n<!-- \/ Yoast SEO plugin. -->","yoast_head_json":{"title":"Projet Pastoral - Ecole Coll\u00e8ge priv\u00e9 catholique Notre Dame","description":"L'\u00e9cole priv\u00e9e Notre Dame, \u00e9tablissement catholique d'enseignement situ\u00e9 \u00e0 Fondettes (37), s'inscrit dans la lign\u00e9e de l'enseignement Catholique.","robots":{"index":"index","follow":"follow","max-snippet":"max-snippet:-1","max-image-preview":"max-image-preview:large","max-video-preview":"max-video-preview:-1"},"canonical":"https:\/\/www.saint-jean23.fr\/notre-dame-de-fondettes\/projet-pastoral-notre-dame-fondettes\/","og_locale":"fr_FR","og_type":"article","og_title":"Projet Pastoral - Ecole Coll\u00e8ge priv\u00e9 catholique Notre Dame","og_description":"L'\u00e9cole priv\u00e9e Notre Dame, \u00e9tablissement catholique d'enseignement situ\u00e9 \u00e0 Fondettes (37), s'inscrit dans la lign\u00e9e de l'enseignement Catholique.","og_url":"https:\/\/www.saint-jean23.fr\/notre-dame-de-fondettes\/projet-pastoral-notre-dame-fondettes\/","og_site_name":"Notre Dame De Fondettes","article_modified_time":"2019-10-15T14:54:14+00:00","twitter_card":"summary_large_image","schema":{"@context":"https:\/\/schema.org","@graph":[{"@type":"WebPage","@id":"https:\/\/www.saint-jean23.fr\/notre-dame-de-fondettes\/projet-pastoral-notre-dame-fondettes\/","url":"https:\/\/www.saint-jean23.fr\/notre-dame-de-fondettes\/projet-pastoral-notre-dame-fondettes\/","name":"Projet Pastoral - Ecole Coll\u00e8ge priv\u00e9 catholique Notre Dame","isPartOf":{"@id":"https:\/\/www.saint-jean23.fr\/notre-dame-de-fondettes\/#website"},"datePublished":"2019-08-08T14:15:04+00:00","dateModified":"2019-10-15T14:54:14+00:00","description":"L'\u00e9cole priv\u00e9e Notre Dame, \u00e9tablissement catholique d'enseignement situ\u00e9 \u00e0 Fondettes (37), s'inscrit dans la lign\u00e9e de l'enseignement Catholique.","breadcrumb":{"@id":"https:\/\/www.saint-jean23.fr\/notre-dame-de-fondettes\/projet-pastoral-notre-dame-fondettes\/#breadcrumb"},"inLanguage":"fr-FR","potentialAction":[{"@type":"ReadAction","target":["https:\/\/www.saint-jean23.fr\/notre-dame-de-fondettes\/projet-pastoral-notre-dame-fondettes\/"]}]},{"@type":"BreadcrumbList","@id":"https:\/\/www.saint-jean23.fr\/notre-dame-de-fondettes\/projet-pastoral-notre-dame-fondettes\/#breadcrumb","itemListElement":[{"@type":"ListItem","position":1,"name":"Accueil","item":"https:\/\/www.saint-jean23.fr\/notre-dame-de-fondettes\/"},{"@type":"ListItem","position":2,"name":"Projet Pastoral"}]},{"@type":"WebSite","@id":"https:\/\/www.saint-jean23.fr\/notre-dame-de-fondettes\/#website","url":"https:\/\/www.saint-jean23.fr\/notre-dame-de-fondettes\/","name":"Notre Dame De Fondettes","description":"Un site utilisant Les sites de Saint Jean 23","potentialAction":[{"@type":"SearchAction","target":{"@type":"EntryPoint","urlTemplate":"https:\/\/www.saint-jean23.fr\/notre-dame-de-fondettes\/?s={search_term_string}"},"query-input":"required name=search_term_string"}],"inLanguage":"fr-FR"}]}},"_links":{"self":[{"href":"https:\/\/www.saint-jean23.fr\/notre-dame-de-fondettes\/wp-json\/wp\/v2\/pages\/121"}],"collection":[{"href":"https:\/\/www.saint-jean23.fr\/notre-dame-de-fondettes\/wp-json\/wp\/v2\/pages"}],"about":[{"href":"https:\/\/www.saint-jean23.fr\/notre-dame-de-fondettes\/wp-json\/wp\/v2\/types\/page"}],"author":[{"embeddable":true,"href":"https:\/\/www.saint-jean23.fr\/notre-dame-de-fondettes\/wp-json\/wp\/v2\/users\/1"}],"replies":[{"embeddable":true,"href":"https:\/\/www.saint-jean23.fr\/notre-dame-de-fondettes\/wp-json\/wp\/v2\/comments?post=121"}],"version-history":[{"count":16,"href":"https:\/\/www.saint-jean23.fr\/notre-dame-de-fondettes\/wp-json\/wp\/v2\/pages\/121\/revisions"}],"predecessor-version":[{"id":522,"href":"https:\/\/www.saint-jean23.fr\/notre-dame-de-fondettes\/wp-json\/wp\/v2\/pages\/121\/revisions\/522"}],"wp:attachment":[{"href":"https:\/\/www.saint-jean23.fr\/notre-dame-de-fondettes\/wp-json\/wp\/v2\/media?parent=121"}],"curies":[{"name":"wp","href":"https:\/\/api.w.org\/{rel}","templated":true}]}}